{"id":103,"date":"2022-07-22T23:55:25","date_gmt":"2022-07-22T21:55:25","guid":{"rendered":"http:\/\/ciessepi.erre-elle.net\/?page_id=103"},"modified":"2022-07-23T11:59:30","modified_gmt":"2022-07-23T09:59:30","slug":"privacy-e-cookie-policy","status":"publish","type":"page","link":"https:\/\/ciessepi.net\/index.php\/privacy-e-cookie-policy\/","title":{"rendered":"Privacy e Cookie policy"},"content":{"rendered":"\t\t<div data-elementor-type=\"wp-page\" data-elementor-id=\"103\" class=\"elementor elementor-103\">\n\t\t\t\t\t\t\t\t\t<section class=\"elementor-section elementor-top-section elementor-element elementor-element-21df384 elementor-section-boxed elementor-section-height-default elementor-section-height-default\" data-id=\"21df384\" data-element_type=\"section\">\n\t\t\t\t\t\t<div class=\"elementor-container elementor-column-gap-default\">\n\t\t\t\t\t<div class=\"elementor-column elementor-col-100 elementor-top-column elementor-element elementor-element-3c2c59a\" data-id=\"3c2c59a\" data-element_type=\"column\">\n\t\t\t<div class=\"elementor-widget-wrap\">\n\t\t\t\t\t\t\t\t\t<\/div>\n\t\t<\/div>\n\t\t\t\t\t\t\t<\/div>\n\t\t<\/section>\n\t\t\t\t<section class=\"elementor-section elementor-top-section elementor-element elementor-element-56d9e88 elementor-section-boxed elementor-section-height-default elementor-section-height-default\" data-id=\"56d9e88\" data-element_type=\"section\">\n\t\t\t\t\t\t<div class=\"elementor-container elementor-column-gap-default\">\n\t\t\t\t\t<div class=\"elementor-column elementor-col-100 elementor-top-column elementor-element elementor-element-f207fc3\" data-id=\"f207fc3\" data-element_type=\"column\">\n\t\t\t<div class=\"elementor-widget-wrap elementor-element-populated\">\n\t\t\t\t\t\t\t\t<div class=\"elementor-element elementor-element-e6458c8 elementor-widget elementor-widget-text-editor\" data-id=\"e6458c8\" data-element_type=\"widget\" data-widget_type=\"text-editor.default\">\n\t\t\t\t<div class=\"elementor-widget-container\">\n\t\t\t<style>\/*! elementor - v3.6.7 - 03-07-2022 *\/\n.elementor-widget-text-editor.elementor-drop-cap-view-stacked .elementor-drop-cap{background-color:#818a91;color:#fff}.elementor-widget-text-editor.elementor-drop-cap-view-framed .elementor-drop-cap{color:#818a91;border:3px solid;background-color:transparent}.elementor-widget-text-editor:not(.elementor-drop-cap-view-default) .elementor-drop-cap{margin-top:8px}.elementor-widget-text-editor:not(.elementor-drop-cap-view-default) .elementor-drop-cap-letter{width:1em;height:1em}.elementor-widget-text-editor .elementor-drop-cap{float:left;text-align:center;line-height:1;font-size:50px}.elementor-widget-text-editor .elementor-drop-cap-letter{display:inline-block}<\/style>\t\t\t\t<h5><strong>INFORMATIVA AI SENSI DEL RGPD \u2013 REGOLAMENTO EUROPEO GENERALE SULLA PROTEZIONE DEI DATI<\/strong><\/h5>\n<p>In questa pagina si descrivono le modalit\u00e0 di gestione del presente sito internet in riferimento al trattamento dei dati personali degli utenti che lo consultano. Si tratta dell\u2019informativa per il trattamento dei dati personali resa ai sensi del Regolamento&nbsp;UE 2016\/679&nbsp;(di seguito denominato \u201cRGPD\u201d): la presente informativa non \u00e8 invece valida per tutti gli altri siti web eventualmente consultabili attraverso i link presenti in questo sito.<\/p>\n<p><strong>TIPI DI DATI TRATTATI<\/strong><br><strong>Modulo di Contatto<\/strong><br>La informiamo che i dati che fornir\u00e0 al titolare del presente sito al momento della compilazione del \u201cForm Contatti\u201d (detto anche form mail) saranno trattati nel rispetto delle disposizioni vigenti. Il form contatti messo a disposizione sul sito ha il solo scopo di consentire ai visitatori del sito di contattare, qualora lo desiderino, il titolare del sito stesso, inviando tramite il suddetto form una email di contatto.<br><strong>Modalit\u00e0 di trattamento dei dati<\/strong><br>I dati che conferir\u00e0 volontariamente tramite il form contatti verranno tramutati in una email che eventualmente potr\u00e0 essere conservata all\u2019interno del sistema di ricezione email utilizzato dal titolare del sito e non verranno registrati su altri supporti o dispositivi.<br>I dati personali trattati saranno esclusivamente quelli da lei forniti all\u2019atto della compilazione del form contatti; il trattamento dei dati conferiti \u00e8 realizzato per mezzo delle operazioni o del complesso delle operazioni indicate dalla normativa vigente ed \u00e8 svolto direttamente dal titolare.<br><strong>Facoltativit\u00e0 del conferimento dei dati<\/strong><br>Il conferimento dei dati \u00e8 facoltativo. Tuttavia, il rifiuto al conferimento determiner\u00e0 l\u2019impossibilit\u00e0 di essere ricontattato e\/o ottenere il servizio richiesto.<br><strong>Finalit\u00e0 del trattamento dei dati personali<\/strong><br>I dati da lei inviati verranno utilizzati al solo scopo di poterla eventualmente ricontattare tramite i riferimenti da lei lasciati tramite il form contatti per evadere eventuali sue richieste contenute nel messaggio da lei inviato.<br><strong>Diritti degli interessati<\/strong><br>I soggetti ai quali i dati personali fanno riferimento hanno il diritto in qualunque momento di ottenere la conferma dell\u2019esistenza o meno dei dati stessi, e di conoscerne il contenuto e l\u2019origine, verificarne l\u2019esattezza o richiedere l\u2019aggiornamento, integrazione oppure la correzione. Ai sensi del medesimo articolo, l\u2019utente ha il diritto di chiedere la cancellazione, rettifica, trasformazione in forma anonima o il blocco dei dati trattati in violazione della legge e, in ogni caso, di opporsi al loro trattamento per motivi legittimi, rivolgendosi semplicemente al Titolare del trattamento per iscritto (anche a mezzo email).<\/p>\n<p><strong>TITOLARE DEL TRATTAMENTO:<\/strong><br>CIESSEPI S.R.L. SEDE: STRADA CARIGNANO N.57 \u2013 MONCALIERI (TO) E-MAIL: info@ciessepi.net TEL: 011.6402602<br>Finalit\u00e0 e durata del Trattamento Ciessepi S.r.l. pu\u00f2 utilizzare i dati da Lei forniti, ai sensi dell&#8217;art. 6, paragrafo 1, lettera b) ec) del sopracitato regolamento, al fine di fornire agli utenti i propri servizi.<br>Il Trattamento dei dati \u00e8 finalizzato alla raccolta, registrazione, riordinazione memorizzazione con scopo di tipo amministrativo contabile e commerciale, in particolare nella compilazione di anagrafiche, tutela della contabilit\u00e0 clienti, nella gestione del credito e per soddisfare gli obblighi previsti dalle leggi in materia civilistica e fiscale.<br>I dati verranno conservati presso la nostra sede in Strada Carignano N.57 &#8211; Moncalieri (To). Il periodo di conservazione dei Suoi dati personali \u00e8 stabilito per un arco di tempo non superiore all&#8217;espletamento dei servizi erogati e per il tempo necessario all&#8217;adempimento di obblighi di le<u>gg<\/u>e, civilistici e fiscali.<br>Destinatari dei dati I dati da Voi forniti non verranno comunicati a terzi. Pu\u00f2 verificarsi, tuttavia, che per l&#8217;effettuazione di elaborazione di dati necessari per l&#8217;esecuzione del contratto concluso con la clientela, ci si rivo<u>l<\/u>ga a soggetti terzi per l&#8217;effettuazione di compiti specifici ricadenti nell&#8217;oggetto contrattuale connessi alla gestione dei servizi di pagamento, alle rilevazioni di rischi finanziari e la prevenzione delle frodi, ad aspetti fiscali ed amministrativi, al recupero dei crediti tramite societ\u00e0 di recupero e studi legali.<br>I dati potranno essere trasferiti in paesi esterni all&#8217;Unione europea al solo scopo di permettere la fornitura dei servizi richiesti.<br>Modalit\u00e0 del trattamento<br>Il trattamento dei dati personali viene sottoposto a specifiche misure di sicurezze tecniche, informatiche e organizzative predisposte dall&#8217;azienda per la salvaguardia della loro integrit\u00e0 e volte in particolare a prevenire la perdita dei dati, loro usi illeciti o non corretti e accessi non autorizzati. Le modalit\u00e0 di elaborazione sono effettuate con mezzi informatici da personale in possesso di apposita Lettera d&#8217;Incarico, adeguatamente istruito in materia di protezione dei dati personali<\/p>\n<p><strong>Diritti del so<u>gg<\/u>etto del trattamento:&nbsp;<\/strong>L&#8217;interessato ha diritto a richiedere per iscritto al Titolare del trattamento, in base a quanto previsto dal Regolamento, la conferma dell&#8217;esistenza o meno di dati personali che la riguardano, anche se non ancora registrati, e la loro comunicazione in forma intelligibile (art. 15), la rettifica e l&#8217;integrazione (art. 16), la limitazione (art. 18), la cancellazione dei propri dati, citato anche come diritto all&#8217;oblio (art. 17), la portabilit\u00e0 dei propri dati (art. 20), il diritto all&#8217;opposizione (art. 21) e potr\u00e0 esercitare il diritto di non essere sottoposto a una decisione basata unicamente sul trattamento automatizzato, compresa la profilazione, che produca effetti giuridici che la riguardino o che incida in modo analogo s<u>i<\/u>gnificativamente sulla sua persona (art.&nbsp;<em>2<\/em>2). Inoltre, l&#8217;interessato ha diritto di:<br>&#8211; revocare il proprio consenso in qualsiasi momento<br>&#8211; proporre reclami all&#8217;Autorit\u00e0 di controllo conoscere le conseguenze del mancato consenso conoscere l&#8217;esistenza di un processo di profilazione dei propri dati<br>&#8211; Modalit\u00e0 di esercizio dei propri diritti<br>L&#8217;interessato ha diritto di esercitare tutti i propri diritti semplicemente inviando richiesta scritta al Titolare del trattamento, alla e mail: inf<u>o@ciessepi.net<\/u><\/p>\n<h5><strong>INFORMATIVA SULL\u2019UTILIZZO DEI COOKIE<\/strong><\/h5>\n<p>Conformemente al provvedimento del Garante per la protezione dei dati personali dell\u20198 maggio 2014, recante \u201cIndividuazione delle modalit\u00e0 semplificate per l\u2019informativa e l\u2019acquisizione del consenso per l\u2019uso dei cookie\u201d, il titolare di questo sito, espresso nel paragrafo di cui sopra \u201cTitolare e Responsabile del trattamento\u201d intende informare l\u2019utente di quanto segue, precisando che l\u2019informativa qui fornita deve essere intesa quale allegato alla informativa generale sulla privacy.<\/p>\n<h6>Informazioni generali sui cookie<\/h6>\n<p>Quando accedi sul presente sito o usi uno dei nostri servizi, il nostro sistema o quello di uno dei nostri partner potrebbe impostare o leggere cookie e\/o altri tipi di identificatori circa il browser e\/o il dispositivo che stai utilizzando. Un cookie \u00e8 un piccolo file di testo che viene memorizzato sul computer di chi visualizza un sito web allo scopo di registrare alcune informazioni relative alla visita nonch\u00e9 di creare un sistema per riconoscere l\u2019utente anche in momenti successivi. Gli identificatori dei dispositivi, invece, vengono generati raccogliendo ed elaborando alcune informazioni come lo user agent (versione del browser, tipo e versione del sistema operativo) o altre caratteristiche del dispositivo, sempre al fine di ricollegare talune informazioni ad un utente specifico. Un sito Web pu\u00f2 impostare un cookie sul browser solo se le preferenze configurate per quest\u2019ultimo lo consentono. E\u2019 importante sapere che un browser pu\u00f2 consentire a un determinato sito Web di accedere solo ed esclusivamente ai cookie da esso impostati e non a quelli impostati da altri siti Web: non vi \u00e8 alcun rischio per la vostra privacy in tal senso.<\/p>\n<h6>Pratiche relative ai cookie e ad altre tecnologie similari<\/h6>\n<p>Il presente sito o i suoi partner potrebbero utilizzare i cookie per una serie di ragioni, tra cui:<br>\u2013 Utilizzo di Google Analytics in forma aggregata ed anonima (anonimizzazione dell\u2019IP)<br>\u2013 Installazione pixel Facebook<br>\u2013 Interazione con piattaforme esterne e social network: incorporazione video YouTube e utilizzo dei servizi di Google Maps<br>Il presente sito NON utilizza direttamente alcun cookie di profilazione: gli unici cookie generati e gestiti direttamente da questo sito sono i cosiddetti cookie tecnici (i quali vengono utilizzati solo ed esclusivamente per offrire correttamente i servizi proposti al pubblico) tra cui cookie di analytics (che vengono utilizzati per conteggiare il numero di letture alle varie pagine del sito e\/o per altre finalit\u00e0 di natura statistica). Informiamo, tuttavia, gli utenti che attraverso le nostre pagine potrebbero essere generati cookie ad opera di terze parti (Rif. \u201cCookie di altre societ\u00e0\u201d).<\/p>\n<h6>Cookie di altre societ\u00e0<\/h6>\n<p>Il presente sito integra, all\u2019interno delle proprie pagine, servizi di terze parti che potrebbero impostare e utilizzare propri cookie e\/o tecnologie similari. L\u2019impiego di tali cookie e tecnologie similari da parte di tali aziende \u00e8 regolato dalle informative sulla privacy di dette societ\u00e0 e non dalla presente informativa essendo il titolare di questo sito totalmente estraneo alla gestione di tali strumenti ed al trattamento dei dati da questi derivanti. Forniamo di seguito l\u2019elenco delle societ\u00e0 partner che utilizzano i loro cookies mentre navighi sul sito:<br>\u2013 Google Analytics (<a href=\"https:\/\/www.google.com\/analytics\/learn\/privacy.html?hl=it\" target=\"_blank\" rel=\"noopener\">informativa privacy<\/a>&nbsp;\u2013&nbsp;<a href=\"https:\/\/developers.google.com\/analytics\/devguides\/collection\/analyticsjs\/cookie-usage\" target=\"_blank\" rel=\"noopener\">informativa cookie<\/a>)<br>\u2013 MailChimp (<a href=\"http:\/\/mailchimp.com\/legal\/privacy\/\" target=\"_blank\" rel=\"noopener\">informativa<\/a>)<br>\u2013 Google+ (<a href=\"http:\/\/www.google.com\/intl\/it_it\/policies\/technologies\/types\/\" target=\"_blank\" rel=\"noopener\">informativa<\/a>)<br>\u2013 Facebook (<a href=\"https:\/\/www.facebook.com\/help\/cookies\/\" target=\"_blank\" rel=\"noopener\">informativa<\/a>)<br>\u2013 YouTube (<a href=\"https:\/\/www.youtube.com\/static?template=privacy_guidelines&amp;gl=IT\" target=\"_blank\" rel=\"noopener\">informativa<\/a>)<br>In caso di dubbi o segnalazioni in merito all\u2019utilizzo dei cookie potete contattare il webmaster per ogni ulteriore segnalazione.<br>Inoltre se lo desideri \u00e8 possibile impedire che vengano salvati sul tuo computer i cookie pubblicitari e\/o comportamentali utilizzando il servizio fornito dal sito&nbsp;<a href=\"http:\/\/www.youronlinechoices.com\/it\/\" target=\"_blank\" rel=\"noopener\">Your Online Choiches<\/a>.<\/p>\n<h6>Disattivare i cookie<\/h6>\n<p>Puoi configurare il tuo browser in modo da accettare o rifiutare tutti i cookie o particolari tipologie di cookie (ad esempio i cookie di terze parti) oppure puoi scegliere di essere avvertito ogni qualvolta un cookie viene impostato all\u2019interno del tuo computer. E\u2019 importante sapere che il rifiuto di tutti i cookie potrebbe impedirti di usufruire dei prodotti e servizi del sito che richiedono che tu acceda, mediante username e password, ad aree riservate agli utenti registrati. Tutti questi servizi, infatti, richiedono i cookie per poter funzionare correttamente e, di conseguenza, l\u2019eventuale blocco dei cookie ne renderebbe impossibile l\u2019utilizzo. Di seguito le istruzioni relative ai browser di navigazione pi\u00f9 diffusi ai fini di effettuare una configurazione personalizzata circa i cookie:<br><strong>Microsoft Internet Explorer<\/strong><br>clicca su \u201cStrumenti\u201d nella parte superiore della finestra del browser;<br>seleziona \u201cOpzioni Internet\u201d;<br>clicca sulla scheda \u201cPrivacy\u201d;<br>per attivare i cookies, il livello di Privacy deve essere impostato su \u201cMedio\u201d o al di sotto; impostando il livello di Privacy sopra il \u201cMedio\u201d l\u2019utilizzo dei cookies verr\u00e0 disattivato.<br><strong>Mozilla Firefox<\/strong><br>clicca su \u201cStrumenti\u201d nella parte superiore della finestra del browser;<br>seleziona \u201cOpzioni\u201d;<br>seleziona l\u2019icona \u201cPrivacy\u201d;<br>clicca su \u201cCookies\u201d;<br>seleziona o meno le voci \u201cAccetta i cookies dai siti\u201d e \u201cAccetta i cookies di terze parti\u201d;<br><strong>Google Chrome<\/strong><br>clicca l\u2019icona del menu;<br>seleziona \u201cImpostazioni\u201d;<br>nella parte inferiore della pagina, seleziona \u201cMostra impostazioni avanzate\u201d;<br>nella sezione \u201cPrivacy\u201d, seleziona \u201cImpostazioni contenuti\u201d;<br>seleziona o meno la voce \u201cImpedisci ai siti di impostare dati\u201d.<br><strong>Apple Safari<\/strong><br>clicca sull\u2019etichetta \u201cSafari\u201d nella parte superiore della finestra del browser;<br>seleziona l\u2019opzione \u201cPreferenze\u201d;<br>clicca su \u201cPrivacy\u201d;<br>imposta la tua scelta alla voce \u201cCookie e dati di siti web\u201d.<br>Informativa estesa resa ai sensi del provvedimento del Garante della Privacy, 8 maggio 2015<\/p>\t\t\t\t\t\t<\/div>\n\t\t\t\t<\/div>\n\t\t\t\t\t<\/div>\n\t\t<\/div>\n\t\t\t\t\t\t\t<\/div>\n\t\t<\/section>\n\t\t\t\t\t\t\t<\/div>\n\t\t","protected":false},"excerpt":{"rendered":"<p>INFORMATIVA AI SENSI DEL RGPD \u2013 REGOLAMENTO EUROPEO GENERALE SULLA PROTEZIONE DEI DATI In questa pagina si descrivono le modalit\u00e0 di gestione del presente sito internet in riferimento al trattamento dei dati personali degli utenti che lo consultano. Si tratta dell\u2019informativa per il trattamento dei dati personali resa ai sensi del Regolamento&nbsp;UE 2016\/679&nbsp;(di seguito denominato &hellip;<\/p>\n<p class=\"read-more\"> <a class=\"\" href=\"https:\/\/ciessepi.net\/index.php\/privacy-e-cookie-policy\/\"> <span class=\"screen-reader-text\">Privacy e Cookie policy<\/span> Leggi altro &raquo;<\/a><\/p>\n","protected":false},"author":1,"featured_media":0,"parent":0,"menu_order":0,"comment_status":"closed","ping_status":"closed","template":"","meta":{"site-sidebar-layout":"no-sidebar","site-content-layout":"page-builder","ast-global-header-display":"","ast-main-header-display":"","ast-hfb-above-header-display":"","ast-hfb-below-header-display":"","ast-hfb-mobile-header-display":"","site-post-title":"disabled","ast-breadcrumbs-content":"","ast-featured-img":"disabled","footer-sml-layout":"","theme-transparent-header-meta":"","adv-header-id-meta":"","stick-header-meta":"","header-above-stick-meta":"","header-main-stick-meta":"","header-below-stick-meta":"","footnotes":""},"class_list":["post-103","page","type-page","status-publish","hentry"],"_links":{"self":[{"href":"https:\/\/ciessepi.net\/index.php\/wp-json\/wp\/v2\/pages\/103","targetHints":{"allow":["GET"]}}],"collection":[{"href":"https:\/\/ciessepi.net\/index.php\/wp-json\/wp\/v2\/pages"}],"about":[{"href":"https:\/\/ciessepi.net\/index.php\/wp-json\/wp\/v2\/types\/page"}],"author":[{"embeddable":true,"href":"https:\/\/ciessepi.net\/index.php\/wp-json\/wp\/v2\/users\/1"}],"replies":[{"embeddable":true,"href":"https:\/\/ciessepi.net\/index.php\/wp-json\/wp\/v2\/comments?post=103"}],"version-history":[{"count":8,"href":"https:\/\/ciessepi.net\/index.php\/wp-json\/wp\/v2\/pages\/103\/revisions"}],"predecessor-version":[{"id":173,"href":"https:\/\/ciessepi.net\/index.php\/wp-json\/wp\/v2\/pages\/103\/revisions\/173"}],"wp:attachment":[{"href":"https:\/\/ciessepi.net\/index.php\/wp-json\/wp\/v2\/media?parent=103"}],"curies":[{"name":"wp","href":"https:\/\/api.w.org\/{rel}","templated":true}]}}